{"id":35,"date":"2024-02-01T14:35:34","date_gmt":"2024-02-01T14:35:34","guid":{"rendered":"https:\/\/tomurbanek.com\/?page_id=35"},"modified":"2024-12-12T15:57:57","modified_gmt":"2024-12-12T15:57:57","slug":"portfolio-of-tom-urbanek","status":"publish","type":"page","link":"https:\/\/tomurbanek.com\/","title":{"rendered":"Portfolio Tom Urbanek"},"content":{"rendered":"\n<div class=\"wp-block-group alignwide has-global-padding is-layout-constrained wp-block-group-is-layout-constrained\">\n<p style=\"font-size:clamp(0.875rem, 0.875rem + ((1vw - 0.2rem) * 0.708), 1.3rem);\"><strong>Kontaktinformation: <\/strong><\/p>\n\n\n\n<p style=\"font-size:clamp(0.875rem, 0.875rem + ((1vw - 0.2rem) * 0.708), 1.3rem);\"><code><strong><a href=\"https:\/\/tomurbanek.com\/index.php\/contact-me\/\" data-type=\"page\" data-id=\"150\">Contact me<\/a><\/strong><\/code><\/p>\n\n\n\n<p>WhatsApp: +491605912172<\/p>\n\n\n\n<p><\/p>\n\n\n\n<p><strong>Ma\u00dfe <\/strong><\/p>\n\n\n\n<p>Gr\u00f6\u00dfe 182, Kopf 60, Kragen 37,5, Brust 101, Taille 90, H\u00fcfte 98, Schuhgr\u00f6\u00dfe 43 und Konfektionsgr\u00f6\u00dfe 52.<\/p>\n\n\n\n<p>Augenfarbe blau, Haarfarbe blond-grau, Teint hell. Keine T\u00e4towierungen und Piercings.<\/p>\n\n\n\n<p>Geburtsdatum 7. 12. 1957<\/p>\n\n\n\n<details class=\"wp-block-details is-layout-flow wp-block-details-is-layout-flow\"><summary>Details<\/summary>\n<p><\/p>\n<\/details>\n<\/div>\n\n\n\n<figure class=\"wp-block-gallery has-nested-images columns-default is-cropped wp-block-gallery-1 is-layout-flex wp-block-gallery-is-layout-flex\">\n<figure class=\"wp-block-image size-large\"><img loading=\"lazy\" decoding=\"async\" width=\"275\" height=\"417\" data-id=\"70\" src=\"https:\/\/tomurbanek.com\/wp-content\/uploads\/2024\/02\/Tom3-2.png\" alt=\"\" class=\"wp-image-70\" srcset=\"https:\/\/tomurbanek.com\/wp-content\/uploads\/2024\/02\/Tom3-2.png 275w, https:\/\/tomurbanek.com\/wp-content\/uploads\/2024\/02\/Tom3-2-198x300.png 198w\" sizes=\"auto, (max-width: 275px) 100vw, 275px\" \/><\/figure>\n\n\n\n<figure class=\"wp-block-image size-full\"><img loading=\"lazy\" decoding=\"async\" width=\"505\" height=\"723\" data-id=\"120\" src=\"https:\/\/tomurbanek.com\/wp-content\/uploads\/2024\/02\/Tomaleta3.jpg\" alt=\"\" class=\"wp-image-120\" srcset=\"https:\/\/tomurbanek.com\/wp-content\/uploads\/2024\/02\/Tomaleta3.jpg 505w, https:\/\/tomurbanek.com\/wp-content\/uploads\/2024\/02\/Tomaleta3-210x300.jpg 210w\" sizes=\"auto, (max-width: 505px) 100vw, 505px\" \/><\/figure>\n\n\n\n<figure class=\"wp-block-image size-large\"><img loading=\"lazy\" decoding=\"async\" width=\"757\" height=\"1024\" data-id=\"72\" src=\"https:\/\/tomurbanek.com\/wp-content\/uploads\/2024\/02\/Tom001-2-757x1024.jpg\" alt=\"\" class=\"wp-image-72\" srcset=\"https:\/\/tomurbanek.com\/wp-content\/uploads\/2024\/02\/Tom001-2-757x1024.jpg 757w, https:\/\/tomurbanek.com\/wp-content\/uploads\/2024\/02\/Tom001-2-222x300.jpg 222w, https:\/\/tomurbanek.com\/wp-content\/uploads\/2024\/02\/Tom001-2-768x1039.jpg 768w, https:\/\/tomurbanek.com\/wp-content\/uploads\/2024\/02\/Tom001-2.jpg 887w\" sizes=\"auto, (max-width: 757px) 100vw, 757px\" \/><\/figure>\n\n\n\n<figure class=\"wp-block-image size-large\"><img loading=\"lazy\" decoding=\"async\" width=\"1011\" height=\"1024\" data-id=\"74\" src=\"https:\/\/tomurbanek.com\/wp-content\/uploads\/2024\/02\/Tom01-1-1011x1024.jpg\" alt=\"\" class=\"wp-image-74\" srcset=\"https:\/\/tomurbanek.com\/wp-content\/uploads\/2024\/02\/Tom01-1-1011x1024.jpg 1011w, https:\/\/tomurbanek.com\/wp-content\/uploads\/2024\/02\/Tom01-1-296x300.jpg 296w, https:\/\/tomurbanek.com\/wp-content\/uploads\/2024\/02\/Tom01-1-768x778.jpg 768w, https:\/\/tomurbanek.com\/wp-content\/uploads\/2024\/02\/Tom01-1-1516x1536.jpg 1516w, https:\/\/tomurbanek.com\/wp-content\/uploads\/2024\/02\/Tom01-1-2021x2048.jpg 2021w\" sizes=\"auto, (max-width: 1011px) 100vw, 1011px\" \/><\/figure>\n\n\n\n<figure class=\"wp-block-image size-large\"><img loading=\"lazy\" decoding=\"async\" width=\"768\" height=\"1024\" data-id=\"127\" src=\"https:\/\/tomurbanek.com\/wp-content\/uploads\/2024\/02\/Tom-Note-9-fin-copia-768x1024.jpg\" alt=\"\" class=\"wp-image-127\" srcset=\"https:\/\/tomurbanek.com\/wp-content\/uploads\/2024\/02\/Tom-Note-9-fin-copia-768x1024.jpg 768w, https:\/\/tomurbanek.com\/wp-content\/uploads\/2024\/02\/Tom-Note-9-fin-copia-225x300.jpg 225w, https:\/\/tomurbanek.com\/wp-content\/uploads\/2024\/02\/Tom-Note-9-fin-copia.jpg 990w\" sizes=\"auto, (max-width: 768px) 100vw, 768px\" \/><\/figure>\n\n\n\n<figure class=\"wp-block-image size-full\"><img loading=\"lazy\" decoding=\"async\" width=\"1068\" height=\"1600\" data-id=\"146\" src=\"https:\/\/tomurbanek.com\/wp-content\/uploads\/2024\/02\/Tom-2024-copia.jpg\" alt=\"\" class=\"wp-image-146\" srcset=\"https:\/\/tomurbanek.com\/wp-content\/uploads\/2024\/02\/Tom-2024-copia.jpg 1068w, https:\/\/tomurbanek.com\/wp-content\/uploads\/2024\/02\/Tom-2024-copia-200x300.jpg 200w, https:\/\/tomurbanek.com\/wp-content\/uploads\/2024\/02\/Tom-2024-copia-684x1024.jpg 684w, https:\/\/tomurbanek.com\/wp-content\/uploads\/2024\/02\/Tom-2024-copia-768x1151.jpg 768w, https:\/\/tomurbanek.com\/wp-content\/uploads\/2024\/02\/Tom-2024-copia-1025x1536.jpg 1025w\" sizes=\"auto, (max-width: 1068px) 100vw, 1068px\" \/><\/figure>\n\n\n\n<figure class=\"wp-block-image size-large\"><img loading=\"lazy\" decoding=\"async\" width=\"524\" height=\"1024\" data-id=\"194\" src=\"https:\/\/tomurbanek.com\/wp-content\/uploads\/2024\/12\/imagen_2024-12-12_103847990-524x1024.png\" alt=\"\" class=\"wp-image-194\" srcset=\"https:\/\/tomurbanek.com\/wp-content\/uploads\/2024\/12\/imagen_2024-12-12_103847990-524x1024.png 524w, https:\/\/tomurbanek.com\/wp-content\/uploads\/2024\/12\/imagen_2024-12-12_103847990-154x300.png 154w, https:\/\/tomurbanek.com\/wp-content\/uploads\/2024\/12\/imagen_2024-12-12_103847990.png 691w\" sizes=\"auto, (max-width: 524px) 100vw, 524px\" \/><\/figure>\n\n\n\n<figure class=\"wp-block-image size-full\"><img loading=\"lazy\" decoding=\"async\" width=\"455\" height=\"801\" data-id=\"173\" src=\"https:\/\/tomurbanek.com\/wp-content\/uploads\/2024\/02\/En-la-Playa-copia2-1.jpg\" alt=\"\" class=\"wp-image-173\" srcset=\"https:\/\/tomurbanek.com\/wp-content\/uploads\/2024\/02\/En-la-Playa-copia2-1.jpg 455w, https:\/\/tomurbanek.com\/wp-content\/uploads\/2024\/02\/En-la-Playa-copia2-1-170x300.jpg 170w\" sizes=\"auto, (max-width: 455px) 100vw, 455px\" \/><\/figure>\n\n\n\n<figure class=\"wp-block-image size-full\"><img loading=\"lazy\" decoding=\"async\" width=\"1229\" height=\"2560\" data-id=\"175\" src=\"https:\/\/tomurbanek.com\/wp-content\/uploads\/2024\/02\/Tom-Full-body-BLANCO-BLOWN-UP-scaled.jpg\" alt=\"\" class=\"wp-image-175\" srcset=\"https:\/\/tomurbanek.com\/wp-content\/uploads\/2024\/02\/Tom-Full-body-BLANCO-BLOWN-UP-scaled.jpg 1229w, https:\/\/tomurbanek.com\/wp-content\/uploads\/2024\/02\/Tom-Full-body-BLANCO-BLOWN-UP-144x300.jpg 144w, https:\/\/tomurbanek.com\/wp-content\/uploads\/2024\/02\/Tom-Full-body-BLANCO-BLOWN-UP-492x1024.jpg 492w, https:\/\/tomurbanek.com\/wp-content\/uploads\/2024\/02\/Tom-Full-body-BLANCO-BLOWN-UP-768x1599.jpg 768w, https:\/\/tomurbanek.com\/wp-content\/uploads\/2024\/02\/Tom-Full-body-BLANCO-BLOWN-UP-738x1536.jpg 738w, https:\/\/tomurbanek.com\/wp-content\/uploads\/2024\/02\/Tom-Full-body-BLANCO-BLOWN-UP-983x2048.jpg 983w\" sizes=\"auto, (max-width: 1229px) 100vw, 1229px\" \/><\/figure>\n<\/figure>\n\n\n\n<h2 class=\"wp-block-heading\"><a class=\"button\" id=\"wpexperts_pdf_generate_file\"><img decoding=\"async\" src=\"https:\/\/tomurbanek.com\/wp-content\/plugins\/wp-pdf-generator\/assets\/images\/button\/wpexperts-pdf-1.jpg\" width=\"25\" \/><\/a><\/h2>\n\n\n\n<p><\/p>\n\n\n\n<div class=\"wp-block-media-text is-stacked-on-mobile\"><figure class=\"wp-block-media-text__media\"><\/figure><div class=\"wp-block-media-text__content\">\n<p><\/p>\n<\/div><\/div>\n\n\n\n<!--more-->\n","protected":false},"excerpt":{"rendered":"<p>Kontaktinformation: Contact me WhatsApp: +491605912172 Ma\u00dfe Gr\u00f6\u00dfe 182, Kopf 60, Kragen 37,5, Brust 101, Taille 90, H\u00fcfte 98, Schuhgr\u00f6\u00dfe 43 und Konfektionsgr\u00f6\u00dfe 52. Augenfarbe blau, Haarfarbe blond-grau, Teint hell. Keine T\u00e4towierungen und Piercings. Geburtsdatum 7. 12. 1957<\/p>\n","protected":false},"author":1,"featured_media":197,"parent":0,"menu_order":0,"comment_status":"closed","ping_status":"closed","template":"","meta":{"footnotes":""},"class_list":["post-35","page","type-page","status-publish","has-post-thumbnail","hentry"],"_links":{"self":[{"href":"https:\/\/tomurbanek.com\/index.php\/wp-json\/wp\/v2\/pages\/35","targetHints":{"allow":["GET"]}}],"collection":[{"href":"https:\/\/tomurbanek.com\/index.php\/wp-json\/wp\/v2\/pages"}],"about":[{"href":"https:\/\/tomurbanek.com\/index.php\/wp-json\/wp\/v2\/types\/page"}],"author":[{"embeddable":true,"href":"https:\/\/tomurbanek.com\/index.php\/wp-json\/wp\/v2\/users\/1"}],"replies":[{"embeddable":true,"href":"https:\/\/tomurbanek.com\/index.php\/wp-json\/wp\/v2\/comments?post=35"}],"version-history":[{"count":32,"href":"https:\/\/tomurbanek.com\/index.php\/wp-json\/wp\/v2\/pages\/35\/revisions"}],"predecessor-version":[{"id":196,"href":"https:\/\/tomurbanek.com\/index.php\/wp-json\/wp\/v2\/pages\/35\/revisions\/196"}],"wp:featuredmedia":[{"embeddable":true,"href":"https:\/\/tomurbanek.com\/index.php\/wp-json\/wp\/v2\/media\/197"}],"wp:attachment":[{"href":"https:\/\/tomurbanek.com\/index.php\/wp-json\/wp\/v2\/media?parent=35"}],"curies":[{"name":"wp","href":"https:\/\/api.w.org\/{rel}","templated":true}]}}